{"id":7,"date":"2023-04-14T10:14:44","date_gmt":"2023-04-14T10:14:44","guid":{"rendered":"https:\/\/ods.terrum.social\/?page_id=7"},"modified":"2025-01-10T13:14:23","modified_gmt":"2025-01-10T11:14:23","slug":"hermosos-portafolios-para-creativos-excepcionales","status":"publish","type":"page","link":"https:\/\/ods.terrum.social\/","title":{"rendered":"O Proxecto"},"content":{"rendered":"\n<p class=\"has-text-align-center\"><meta charset=\"utf-8\"><\/meta>A <strong>Oficina de Dereitos Sociais TERRUM<\/strong> \u00e9 un proxecto da <a href=\"https:\/\/terrum.social\" data-type=\"URL\" data-id=\"https:\/\/terrum.social\" target=\"_blank\" rel=\"noreferrer noopener\">Fundaci\u00f3n Terrum<\/a>, un espazo colectivo formado por persoas que prove\u00f1en de diferentes organizaci\u00f3ns sociais, profesi\u00f3ns liberais, xentes solidarias, cunha ampla bagaxe profesional e unha longa experiencia en t\u00f3dolos \u00e1mbitos de traballo vencellados coa poboaci\u00f3n m\u00e1is desfavorecida e desprotexida: traballadoras e traballadores en situaci\u00f3n de precariedade, persoas migrantes, mulleres patriarcalizadas, mocidade, persoas con diversidade funcional e neurodiversas, persoas que viven no medio rural, entroutras. Tr\u00e1tase dunha iniciativa colectiva e profesional de orientaci\u00f3n que busca dotar de formaci\u00f3n, apoio, soporte emocional e xur\u00eddico-social a aquelas persoas que m\u00e1is o precisan.<\/p>\n\n\n\n<hr class=\"wp-block-separator has-alpha-channel-opacity\"\/>\n\n\n\n<p>Dentro dos \u00e1mbitos de traballo da <strong>ODS<\/strong>, centr\u00e1monos nas seguintes \u00e1reas espec\u00edficas:<\/p>\n\n\n\n<ul class=\"wp-block-list\">\n<li><a href=\"https:\/\/ods.terrum.social\/index.php\/recursos\/\"><strong>Recursos Xur\u00eddicos<\/strong>.<\/a> Achegamos aos nosos usuarios e usuarias informaci\u00f3n estrat\u00e9xica sobre o funcionamento e as din\u00e1micas fundament\u00e1is de procedementos xur\u00eddicos: solicitude de xustiza gratuita, autodefensa, alegaci\u00f3ns, etc.<\/li>\n\n\n\n<li><strong><a href=\"https:\/\/ods.terrum.social\/index.php\/prestaciones\/\" data-type=\"page\" data-id=\"275\">Prestaci\u00f3ns<\/a>.<\/strong> Orientamos encol da solicitude e xesti\u00f3n de prestaci\u00f3ns soci\u00e1is, pensi\u00f3ns, subvenci\u00f3ns, etc e o acceso a recursos p\u00fablicos dispo\u00f1ibleis pra quen enfrenta situaci\u00f3ns socioecon\u00f3micas desfavorableis.<\/li>\n\n\n\n<li><strong><a href=\"https:\/\/ods.terrum.social\/index.php\/consumo-2\/\" data-type=\"page\" data-id=\"248\">Consumo<\/a>.<\/strong> Informamos sobre os dereitos dos consumidores e consumidoras, ofrecendo asesoramento pra resolver problemas relacionados con produtos ou servizos e garantindo un consumo xusto e seguro.<\/li>\n\n\n\n<li><strong><a href=\"https:\/\/ods.terrum.social\/index.php\/vivenda\/\" data-type=\"page\" data-id=\"222\">Vivenda<\/a>.<\/strong> Brindamos apoio en temas de aluger, acceso a vivendas de protecci\u00f3n oficial e asesor\u00eda en cuesti\u00f3ns relacionadas coa necesidades habitacion\u00e1is das persoas, asegurando o dereito a unha vivenda digna.<\/li>\n\n\n\n<li><strong><a href=\"https:\/\/ods.terrum.social\/index.php\/represion-estatal\/\">Represi\u00f3n estatal<\/a>.<\/strong> Ofrecemos asesoramento e apoio xur\u00eddico en situaci\u00f3ns de represi\u00f3n estatal: multas, detenci\u00f3ns e casos de presunto abuso institucional, pra garantir o respeito dos dereitos fundament\u00e1is das persoas.<\/li>\n\n\n\n<li><strong>Administraci\u00f3n electr\u00f3nica.<\/strong> Guiamos no manexo da identidade dixital e nos procesos de administraci\u00f3n electr\u00f3nica, facilitando a participaci\u00f3n cidad\u00e1 e paisana e o acceso a servizos administrativos en li\u00f1a.<\/li>\n<\/ul>\n\n\n\n<div style=\"height:55px\" aria-hidden=\"true\" class=\"wp-block-spacer\"><\/div>\n\n\n\n<div class=\"wp-block-group alignfull has-background is-layout-flow wp-block-group-is-layout-flow\" style=\"background-color:#e5e9ec\">\n<div class=\"wp-block-columns is-layout-flex wp-container-core-columns-is-layout-28f84493 wp-block-columns-is-layout-flex\">\n<div class=\"wp-block-column is-vertically-aligned-center is-layout-flow wp-block-column-is-layout-flow\">\n<h2 class=\"wp-block-heading has-black-color has-text-color\">Presentaci\u00f3n<\/h2>\n\n\n\n<p class=\"has-black-color has-text-color\">A ODS \u00e9 unha iniciativa que parte da equipa multidisciplinar de <strong>TERRUM SOCIAL<\/strong> da <strong>Fundaci\u00f3n TERRUM<\/strong> con formaci\u00f3n no eido das ciencias sociais (educaci\u00f3n, dereito, psicolox\u00eda, filosof\u00eda..) e das novas tecnolox\u00edas.<\/p>\n\n\n\n<div class=\"wp-block-buttons is-horizontal is-content-justification-left is-layout-flex wp-container-core-buttons-is-layout-20be11b6 wp-block-buttons-is-layout-flex\">\n<div class=\"wp-block-button is-style-outline is-style-outline--1\"><a class=\"wp-block-button__link has-black-color has-text-color wp-element-button\" href=\"https:\/\/terrum.social\/fundacion-terrum\/\">Sobre n\u00f3s<\/a><\/div>\n<\/div>\n\n\n\n<p><\/p>\n<\/div>\n\n\n\n<div class=\"wp-block-column is-layout-flow wp-block-column-is-layout-flow\">\n<div style=\"height:48px\" aria-hidden=\"true\" class=\"wp-block-spacer\"><\/div>\n\n\n\n<figure class=\"wp-block-image size-full\"><img fetchpriority=\"high\" decoding=\"async\" width=\"860\" height=\"860\" src=\"https:\/\/ods.terrum.social\/wp-content\/uploads\/2023\/04\/terrum-860-25pp.png\" alt=\"Logo Terrum\" class=\"wp-image-37\" srcset=\"https:\/\/ods.terrum.social\/wp-content\/uploads\/2023\/04\/terrum-860-25pp.png 860w, https:\/\/ods.terrum.social\/wp-content\/uploads\/2023\/04\/terrum-860-25pp-300x300.png 300w, https:\/\/ods.terrum.social\/wp-content\/uploads\/2023\/04\/terrum-860-25pp-150x150.png 150w, https:\/\/ods.terrum.social\/wp-content\/uploads\/2023\/04\/terrum-860-25pp-768x768.png 768w, https:\/\/ods.terrum.social\/wp-content\/uploads\/2023\/04\/terrum-860-25pp-600x600.png 600w, https:\/\/ods.terrum.social\/wp-content\/uploads\/2023\/04\/terrum-860-25pp-800x800.png 800w\" sizes=\"(max-width: 860px) 100vw, 860px\" \/><figcaption class=\"wp-element-caption\">Logo da Fundaci\u00f3n TERRUM<\/figcaption><\/figure>\n<\/div>\n<\/div>\n<\/div>\n\n\n\n<div class=\"wp-block-group alignfull is-layout-flow wp-block-group-is-layout-flow\">\n<div class=\"wp-block-columns are-vertically-aligned-center is-layout-flex wp-container-core-columns-is-layout-28f84493 wp-block-columns-is-layout-flex\">\n<div class=\"wp-block-column is-vertically-aligned-center is-layout-flow wp-block-column-is-layout-flow\">\n<div style=\"height:48px\" aria-hidden=\"true\" class=\"wp-block-spacer\"><\/div>\n\n\n\n<figure class=\"wp-block-image size-full\"><img decoding=\"async\" width=\"656\" height=\"656\" src=\"https:\/\/ods.terrum.social\/wp-content\/uploads\/2023\/04\/zeroaesquerda_cadrado-1.png\" alt=\"Zero \u00e1 esquerda cadrado e negro\" class=\"wp-image-107\" srcset=\"https:\/\/ods.terrum.social\/wp-content\/uploads\/2023\/04\/zeroaesquerda_cadrado-1.png 656w, https:\/\/ods.terrum.social\/wp-content\/uploads\/2023\/04\/zeroaesquerda_cadrado-1-300x300.png 300w, https:\/\/ods.terrum.social\/wp-content\/uploads\/2023\/04\/zeroaesquerda_cadrado-1-150x150.png 150w, https:\/\/ods.terrum.social\/wp-content\/uploads\/2023\/04\/zeroaesquerda_cadrado-1-600x600.png 600w\" sizes=\"(max-width: 656px) 100vw, 656px\" \/><figcaption class=\"wp-element-caption\">Logo da ODS<\/figcaption><\/figure>\n<\/div>\n\n\n\n<div class=\"wp-block-column is-vertically-aligned-center is-layout-flow wp-block-column-is-layout-flow\">\n<h2 class=\"wp-block-heading\">Os nosos servizos<\/h2>\n\n\n\n<ul class=\"wp-block-list\">\n<li>Asesor\u00eda<\/li>\n\n\n\n<li>Formaci\u00f3n<\/li>\n\n\n\n<li>Producci\u00f3n de material did\u00e1ctico<\/li>\n\n\n\n<li>Atenci\u00f3n persoal (presencial e telef\u00f3nica).<\/li>\n<\/ul>\n\n\n\n<div class=\"wp-block-buttons is-layout-flex wp-block-buttons-is-layout-flex\">\n<div class=\"wp-block-button is-style-outline is-style-outline--2\"><a class=\"wp-block-button__link wp-element-button\" href=\"https:\/\/ods.terrum.social\/index.php\/os-nosos-servizos\/\">Servizos<\/a><\/div>\n<\/div>\n<\/div>\n<\/div>\n<\/div>\n\n\n\n<div class=\"wp-block-cover alignfull is-light has-parallax is-position-center-center\" style=\"min-height:375px;aspect-ratio:unset;\"><span aria-hidden=\"true\" class=\"wp-block-cover__background has-black-background-color has-background-dim-40 has-background-dim\"><\/span><div class=\"wp-block-cover__image-background wp-image-124 has-parallax\" style=\"background-position:50% 50%;background-image:url(https:\/\/ods.terrum.social\/wp-content\/uploads\/2023\/04\/oquenomtempestemcabeza-1.png)\"><\/div><div class=\"wp-block-cover__inner-container is-layout-flow wp-block-cover-is-layout-flow\">\n<p class=\"has-text-align-center has-white-color has-text-color has-huge-font-size\" style=\"line-height:1.1\">Intervenci\u00f3n social para o fortalecemento colectivo <\/p>\n\n\n\n<p class=\"has-text-align-center\"><\/p>\n\n\n\n<div style=\"height:39px\" aria-hidden=\"true\" class=\"wp-block-spacer\"><\/div>\n\n\n\n<div class=\"wp-block-buttons is-horizontal is-content-justification-center is-layout-flex wp-container-core-buttons-is-layout-03627597 wp-block-buttons-is-layout-flex\">\n<div class=\"wp-block-button is-style-outline is-style-outline--3\"><a class=\"wp-block-button__link has-white-color has-text-color wp-element-button\" href=\"#\">ContactA CONNOSCO<\/a><\/div>\n<\/div>\n<\/div><\/div>\n","protected":false},"excerpt":{"rendered":"<p>A Oficina de Dereitos Sociais TERRUM \u00e9 un proxecto da Fundaci\u00f3n Terrum, un espazo colectivo formado por persoas que prove\u00f1en de diferentes organizaci\u00f3ns sociais, profesi\u00f3ns liberais, xentes solidarias, cunha ampla bagaxe profesional e unha longa experiencia en t\u00f3dolos \u00e1mbitos de traballo vencellados coa poboaci\u00f3n m\u00e1is desfavorecida e desprotexida: traballadoras e traballadores en situaci\u00f3n de precariedade, &hellip; <\/p>\n<p class=\"link-more\"><a href=\"https:\/\/ods.terrum.social\/\" class=\"more-link\">Leer m\u00e1s<span class=\"screen-reader-text\"> \u00abO Proxecto\u00bb<\/span><\/a><\/p>\n","protected":false},"author":1,"featured_media":6,"parent":0,"menu_order":0,"comment_status":"closed","ping_status":"closed","template":"","meta":{"footnotes":""},"class_list":["post-7","page","type-page","status-publish","has-post-thumbnail","hentry"],"featured_media_urls":{"thumbnail":["https:\/\/ods.terrum.social\/wp-content\/uploads\/2023\/04\/StockSnap_M6D1GS9PSL-150x150.jpg",150,150,true],"medium":["https:\/\/ods.terrum.social\/wp-content\/uploads\/2023\/04\/StockSnap_M6D1GS9PSL-300x198.jpg",300,198,true],"medium_large":["https:\/\/ods.terrum.social\/wp-content\/uploads\/2023\/04\/StockSnap_M6D1GS9PSL-768x506.jpg",768,506,true],"large":["https:\/\/ods.terrum.social\/wp-content\/uploads\/2023\/04\/StockSnap_M6D1GS9PSL-1024x674.jpg",950,625,true],"1536x1536":["https:\/\/ods.terrum.social\/wp-content\/uploads\/2023\/04\/StockSnap_M6D1GS9PSL-1536x1011.jpg",1536,1011,true],"2048x2048":["https:\/\/ods.terrum.social\/wp-content\/uploads\/2023\/04\/StockSnap_M6D1GS9PSL.jpg",2000,1317,false],"inspiro-featured-image":["https:\/\/ods.terrum.social\/wp-content\/uploads\/2023\/04\/StockSnap_M6D1GS9PSL.jpg",2000,1317,false],"inspiro-loop":["https:\/\/ods.terrum.social\/wp-content\/uploads\/2023\/04\/StockSnap_M6D1GS9PSL-950x320.jpg",950,320,true],"inspiro-loop@2x":["https:\/\/ods.terrum.social\/wp-content\/uploads\/2023\/04\/StockSnap_M6D1GS9PSL-1900x640.jpg",1900,640,true],"portfolio_item-thumbnail":["https:\/\/ods.terrum.social\/wp-content\/uploads\/2023\/04\/StockSnap_M6D1GS9PSL-600x400.jpg",600,400,true],"portfolio_item-thumbnail@2x":["https:\/\/ods.terrum.social\/wp-content\/uploads\/2023\/04\/StockSnap_M6D1GS9PSL-1200x800.jpg",1200,800,true],"portfolio_item-masonry":["https:\/\/ods.terrum.social\/wp-content\/uploads\/2023\/04\/StockSnap_M6D1GS9PSL-600x395.jpg",600,395,true],"portfolio_item-masonry@2x":["https:\/\/ods.terrum.social\/wp-content\/uploads\/2023\/04\/StockSnap_M6D1GS9PSL-1200x790.jpg",1200,790,true],"portfolio_item-thumbnail_cinema":["https:\/\/ods.terrum.social\/wp-content\/uploads\/2023\/04\/StockSnap_M6D1GS9PSL-800x335.jpg",800,335,true],"portfolio_item-thumbnail_portrait":["https:\/\/ods.terrum.social\/wp-content\/uploads\/2023\/04\/StockSnap_M6D1GS9PSL-600x900.jpg",600,900,true],"portfolio_item-thumbnail_portrait@2x":["https:\/\/ods.terrum.social\/wp-content\/uploads\/2023\/04\/StockSnap_M6D1GS9PSL-1200x1317.jpg",1200,1317,true],"portfolio_item-thumbnail_square":["https:\/\/ods.terrum.social\/wp-content\/uploads\/2023\/04\/StockSnap_M6D1GS9PSL-800x800.jpg",800,800,true]},"_links":{"self":[{"href":"https:\/\/ods.terrum.social\/index.php\/wp-json\/wp\/v2\/pages\/7","targetHints":{"allow":["GET"]}}],"collection":[{"href":"https:\/\/ods.terrum.social\/index.php\/wp-json\/wp\/v2\/pages"}],"about":[{"href":"https:\/\/ods.terrum.social\/index.php\/wp-json\/wp\/v2\/types\/page"}],"author":[{"embeddable":true,"href":"https:\/\/ods.terrum.social\/index.php\/wp-json\/wp\/v2\/users\/1"}],"replies":[{"embeddable":true,"href":"https:\/\/ods.terrum.social\/index.php\/wp-json\/wp\/v2\/comments?post=7"}],"version-history":[{"count":48,"href":"https:\/\/ods.terrum.social\/index.php\/wp-json\/wp\/v2\/pages\/7\/revisions"}],"predecessor-version":[{"id":286,"href":"https:\/\/ods.terrum.social\/index.php\/wp-json\/wp\/v2\/pages\/7\/revisions\/286"}],"wp:featuredmedia":[{"embeddable":true,"href":"https:\/\/ods.terrum.social\/index.php\/wp-json\/wp\/v2\/media\/6"}],"wp:attachment":[{"href":"https:\/\/ods.terrum.social\/index.php\/wp-json\/wp\/v2\/media?parent=7"}],"curies":[{"name":"wp","href":"https:\/\/api.w.org\/{rel}","templated":true}]}}