{"id":222,"date":"2024-03-25T18:21:26","date_gmt":"2024-03-25T16:21:26","guid":{"rendered":"https:\/\/ods.terrum.social\/?page_id=222"},"modified":"2024-05-06T14:56:34","modified_gmt":"2024-05-06T12:56:34","slug":"vivenda","status":"publish","type":"page","link":"https:\/\/ods.terrum.social\/index.php\/vivenda\/","title":{"rendered":"Vivenda"},"content":{"rendered":"\n<p>Dende a Oficina de Dereitos Sociais ofrecemos apoio \u00e1 comunidade en cuesti\u00f3ns fundamentais relacionadas co acceso a unha vivenda digna. Especializamonos en ofrecer asesoramento legal integral sobre temas de alugueiro, acceso a vivendas de protecci\u00f3n oficial e todalas cuesti\u00f3ns relacionadas coas necesidades habitacionais das persoas. Creemos firmemente no dereito de todas  e todos a ter un fogar seguro e axeitado, e compromet\u00e9mons a garantir que este dereito se respete e se protexa en todo momento.<\/p>\n\n\n\n<p>A nosa equipa de profesion\u00e1is altamente capacitados est\u00e1 aqu\u00ed para proporcionar orientaci\u00f3n experta e soluci\u00f3ns pr\u00e1cticas a quen enfronta desaf\u00edos no referenta \u00e1 vivenda. Xa sexa que se trate de resolver disputas de alugueiro, entender os dereitos e responsabilidades do arrendatario ou da\/o propietaria\/o, ou navegar polo complexo proceso de acceder a vivendas de protecci\u00f3n oficial, estamos aqu\u00ed para ayudarche. Na nosa misi\u00f3n de promover o acceso equitativo \u00e1 vivenda, ofrecemos os nosos servizos de asesor\u00eda xur\u00eddica sen compromiso, para que todalas persoas poidan obter a axuda legal que precisan para asegurar un fogar digno e estable.<\/p>\n\n\n\n<h2 class=\"wp-block-heading\">Modelos de contrato<\/h2>\n\n\n\n<ul class=\"wp-block-list\">\n<li><a href=\"https:\/\/ods.terrum.social\/wp-content\/uploads\/2024\/03\/Modelo-contrato-alquiler-vivienda-2024-FB.odt\">Modelo de contrato de aluguer<\/a><\/li>\n\n\n\n<li>O <a href=\"https:\/\/ods.terrum.social\/index.php\/comodato\/\" data-type=\"page\" data-id=\"238\">Comodato<\/a><\/li>\n\n\n\n<li>O <a href=\"https:\/\/ods.terrum.social\/index.php\/precario\/\" data-type=\"page\" data-id=\"242\">Precario<\/a><\/li>\n\n\n\n<li>O <a href=\"https:\/\/ods.terrum.social\/index.php\/desahucio\/\" data-type=\"page\" data-id=\"244\">Desafiuzamento<\/a> (<em>\u00abDesahucio\u00bb<\/em>)<br>&#8211; A <a href=\"https:\/\/ods.terrum.social\/index.php\/accion-para-el-pago\/\" data-type=\"page\" data-id=\"260\">acci\u00f3n pra o pagamento<\/a><br>&#8211; A regulaci\u00f3n sobre <a href=\"https:\/\/ods.terrum.social\/index.php\/regulacion-de-no-subida-del-alquiler\/\" data-type=\"page\" data-id=\"263\">non subida do alugueiro<\/a><\/li>\n<\/ul>\n\n\n\n<p>Os ficheiros est\u00e1n en formato odt de LibreOffice pra a s\u00faa edici\u00f3n baixo criterios de interoperabilidade; se non contas coa posibilidade de empregar esta suite ofim\u00e1tica, podes realizar a s\u00faa conversi\u00f3n dende alg\u00fan conversor online. Por exemplo:<\/p>\n\n\n\n<ul class=\"wp-block-list\">\n<li><a href=\"https:\/\/convertio.co\/es\/odt-docx\" target=\"_blank\" rel=\"noreferrer noopener\">https:\/\/convertio.co\/es\/odt-docx<\/a><\/li>\n\n\n\n<li><a href=\"https:\/\/documento.online-convert.com\/es\/convertir\/odt-a-docx\" target=\"_blank\" rel=\"noreferrer noopener\">https:\/\/documento.online-convert.com\/es\/convertir\/odt-a-docx<\/a><\/li>\n<\/ul>\n","protected":false},"excerpt":{"rendered":"<p>Dende a Oficina de Dereitos Sociais ofrecemos apoio \u00e1 comunidade en cuesti\u00f3ns fundamentais relacionadas co acceso a unha vivenda digna. Especializamonos en ofrecer asesoramento legal integral sobre temas de alugueiro, acceso a vivendas de protecci\u00f3n oficial e todalas cuesti\u00f3ns relacionadas coas necesidades habitacionais das persoas. Creemos firmemente no dereito de todas e todos a ter &hellip; <\/p>\n<p class=\"link-more\"><a href=\"https:\/\/ods.terrum.social\/index.php\/vivenda\/\" class=\"more-link\">Leer m\u00e1s<span class=\"screen-reader-text\"> \u00abVivenda\u00bb<\/span><\/a><\/p>\n","protected":false},"author":1,"featured_media":0,"parent":0,"menu_order":0,"comment_status":"closed","ping_status":"closed","template":"","meta":{"footnotes":""},"class_list":["post-222","page","type-page","status-publish","hentry"],"featured_media_urls":[],"_links":{"self":[{"href":"https:\/\/ods.terrum.social\/index.php\/wp-json\/wp\/v2\/pages\/222","targetHints":{"allow":["GET"]}}],"collection":[{"href":"https:\/\/ods.terrum.social\/index.php\/wp-json\/wp\/v2\/pages"}],"about":[{"href":"https:\/\/ods.terrum.social\/index.php\/wp-json\/wp\/v2\/types\/page"}],"author":[{"embeddable":true,"href":"https:\/\/ods.terrum.social\/index.php\/wp-json\/wp\/v2\/users\/1"}],"replies":[{"embeddable":true,"href":"https:\/\/ods.terrum.social\/index.php\/wp-json\/wp\/v2\/comments?post=222"}],"version-history":[{"count":12,"href":"https:\/\/ods.terrum.social\/index.php\/wp-json\/wp\/v2\/pages\/222\/revisions"}],"predecessor-version":[{"id":265,"href":"https:\/\/ods.terrum.social\/index.php\/wp-json\/wp\/v2\/pages\/222\/revisions\/265"}],"wp:attachment":[{"href":"https:\/\/ods.terrum.social\/index.php\/wp-json\/wp\/v2\/media?parent=222"}],"curies":[{"name":"wp","href":"https:\/\/api.w.org\/{rel}","templated":true}]}}